{"id":206,"date":"2025-02-18T12:38:42","date_gmt":"2025-02-18T11:38:42","guid":{"rendered":"https:\/\/maywas.com\/?page_id=206"},"modified":"2025-09-19T15:25:08","modified_gmt":"2025-09-19T13:25:08","slug":"jeu_video_01","status":"publish","type":"page","link":"https:\/\/maywas.com\/index.php\/jeu_video_01\/","title":{"rendered":"JEU VID\u00c9O \/ VISITE IMMERSIVE #1"},"content":{"rendered":"\n<figure class=\"wp-block-gallery has-nested-images columns-default is-cropped wp-block-gallery-1 is-layout-flex wp-block-gallery-is-layout-flex\">\n<figure class=\"wp-block-image size-large\"><a href=\"https:\/\/maywas.com\/wp-content\/uploads\/2024\/09\/Vue_UE5_Boulogne_01.png\"><img loading=\"lazy\" decoding=\"async\" width=\"1024\" height=\"760\" data-id=\"183\" src=\"https:\/\/maywas.com\/wp-content\/uploads\/2024\/09\/Vue_UE5_Boulogne_01-1024x760.png\" alt=\"\" class=\"wp-image-183\" srcset=\"https:\/\/maywas.com\/wp-content\/uploads\/2024\/09\/Vue_UE5_Boulogne_01-1024x760.png 1024w, https:\/\/maywas.com\/wp-content\/uploads\/2024\/09\/Vue_UE5_Boulogne_01-300x223.png 300w, https:\/\/maywas.com\/wp-content\/uploads\/2024\/09\/Vue_UE5_Boulogne_01-768x570.png 768w, https:\/\/maywas.com\/wp-content\/uploads\/2024\/09\/Vue_UE5_Boulogne_01-1536x1140.png 1536w, https:\/\/maywas.com\/wp-content\/uploads\/2024\/09\/Vue_UE5_Boulogne_01.png 2000w\" sizes=\"auto, (max-width: 1024px) 100vw, 1024px\" \/><\/a><\/figure>\n\n\n\n<figure class=\"wp-block-image size-large\"><img loading=\"lazy\" decoding=\"async\" width=\"1024\" height=\"661\" data-id=\"184\" src=\"https:\/\/maywas.com\/wp-content\/uploads\/2024\/09\/Vue_UE5_Boulogne_03-1024x661.png\" alt=\"\" class=\"wp-image-184\" srcset=\"https:\/\/maywas.com\/wp-content\/uploads\/2024\/09\/Vue_UE5_Boulogne_03-1024x661.png 1024w, https:\/\/maywas.com\/wp-content\/uploads\/2024\/09\/Vue_UE5_Boulogne_03-300x194.png 300w, https:\/\/maywas.com\/wp-content\/uploads\/2024\/09\/Vue_UE5_Boulogne_03-768x496.png 768w, https:\/\/maywas.com\/wp-content\/uploads\/2024\/09\/Vue_UE5_Boulogne_03-1536x992.png 1536w, https:\/\/maywas.com\/wp-content\/uploads\/2024\/09\/Vue_UE5_Boulogne_03-2048x1322.png 2048w\" sizes=\"auto, (max-width: 1024px) 100vw, 1024px\" \/><\/figure>\n\n\n\n<figure class=\"wp-block-image size-large\"><a href=\"https:\/\/maywas.com\/wp-content\/uploads\/2024\/09\/Vue_UE5_Boulogne_02.png\"><img loading=\"lazy\" decoding=\"async\" width=\"1024\" height=\"963\" data-id=\"186\" src=\"https:\/\/maywas.com\/wp-content\/uploads\/2024\/09\/Vue_UE5_Boulogne_02-1024x963.png\" alt=\"\" class=\"wp-image-186\" srcset=\"https:\/\/maywas.com\/wp-content\/uploads\/2024\/09\/Vue_UE5_Boulogne_02-1024x963.png 1024w, https:\/\/maywas.com\/wp-content\/uploads\/2024\/09\/Vue_UE5_Boulogne_02-300x282.png 300w, https:\/\/maywas.com\/wp-content\/uploads\/2024\/09\/Vue_UE5_Boulogne_02-768x722.png 768w, https:\/\/maywas.com\/wp-content\/uploads\/2024\/09\/Vue_UE5_Boulogne_02-1536x1444.png 1536w, https:\/\/maywas.com\/wp-content\/uploads\/2024\/09\/Vue_UE5_Boulogne_02.png 1876w\" sizes=\"auto, (max-width: 1024px) 100vw, 1024px\" \/><\/a><\/figure>\n\n\n\n<figure class=\"wp-block-image size-large\"><a href=\"https:\/\/maywas.com\/wp-content\/uploads\/2024\/09\/Vue_UE5_Boulogne_04.png\"><img loading=\"lazy\" decoding=\"async\" width=\"1024\" height=\"704\" data-id=\"179\" src=\"https:\/\/maywas.com\/wp-content\/uploads\/2024\/09\/Vue_UE5_Boulogne_04-1024x704.png\" alt=\"\" class=\"wp-image-179\" srcset=\"https:\/\/maywas.com\/wp-content\/uploads\/2024\/09\/Vue_UE5_Boulogne_04-1024x704.png 1024w, https:\/\/maywas.com\/wp-content\/uploads\/2024\/09\/Vue_UE5_Boulogne_04-300x206.png 300w, https:\/\/maywas.com\/wp-content\/uploads\/2024\/09\/Vue_UE5_Boulogne_04-768x528.png 768w, https:\/\/maywas.com\/wp-content\/uploads\/2024\/09\/Vue_UE5_Boulogne_04-1536x1056.png 1536w, https:\/\/maywas.com\/wp-content\/uploads\/2024\/09\/Vue_UE5_Boulogne_04-2048x1409.png 2048w\" sizes=\"auto, (max-width: 1024px) 100vw, 1024px\" \/><\/a><\/figure>\n<\/figure>\n\n\n\n<p>Nous avons r\u00e9alis\u00e9 une visite immersive\/jeu vid\u00e9o pour un projet de cr\u00e9ation d&rsquo;h\u00f4tel \u00e0 Boulogne-sur-Mer. La probl\u00e9matique consistait \u00e0 \u00e9valuer comment le projet dialoguait avec son environnement et le voir depuis une infinit\u00e9 de points de vue depuis la ville, le port, la mer&#8230; Nous avons donc mod\u00e9lis\u00e9 un large morceau de la ville qui re\u00e7oit le futur b\u00e2timent  : en premier lieu une voirie et un b\u00e2ti simplifi\u00e9s puis de plus en plus d\u00e9taill\u00e9s et textur\u00e9s au fur et \u00e0 mesure que l&rsquo;on se rapproche du projet. Jusqu&rsquo;\u00e0 repr\u00e9senter de mani\u00e8re hyper-r\u00e9aliste les proximit\u00e9s imm\u00e9diates du projet. Le visiteur peut se promener dans la ville et activer un mode vol afin de percevoir la proposition architecturale depuis une infinit\u00e9 de points de vues. 2 variantes du projet ayant \u00e9t\u00e9 r\u00e9alis\u00e9es, il est possible d&rsquo;afficher la premi\u00e8re ou deuxi\u00e8me version et de passer de l&rsquo;une \u00e0 l&rsquo;autre en temps r\u00e9el, durant la visite. Voici la vid\u00e9o qui pr\u00e9sente le concept de visites immersives architecturale avec comme exemple cet h\u00f4tel au c\u0153ur de Boulogne-sur-Mer.<\/p>\n\n\n\n<figure class=\"wp-block-embed is-type-video is-provider-youtube wp-block-embed-youtube wp-embed-aspect-16-9 wp-has-aspect-ratio\"><div class=\"wp-block-embed__wrapper\">\n<iframe loading=\"lazy\" title=\"MayWas - Architecture et Jeu Vid\u00e9o\" width=\"500\" height=\"281\" src=\"https:\/\/www.youtube.com\/embed\/cDEox4tpUX4?feature=oembed\" frameborder=\"0\" allow=\"accelerometer; autoplay; clipboard-write; encrypted-media; gyroscope; picture-in-picture; web-share\" referrerpolicy=\"strict-origin-when-cross-origin\" allowfullscreen><\/iframe>\n<\/div><\/figure>\n\n\n\n<p><\/p>\n\n\n\n<p><\/p>\n","protected":false},"excerpt":{"rendered":"<p>Nous avons r\u00e9alis\u00e9 une visite immersive\/jeu vid\u00e9o pour un projet de cr\u00e9ation d&rsquo;h\u00f4tel \u00e0 Boulogne-sur-Mer. La probl\u00e9matique consistait \u00e0 \u00e9valuer comment le projet dialoguait avec son environnement et le voir depuis une infinit\u00e9 de points de vue depuis la ville, le port, la mer&#8230; Nous avons donc mod\u00e9lis\u00e9 un large morceau de la ville qui [&hellip;]<\/p>\n","protected":false},"author":1,"featured_media":0,"parent":0,"menu_order":0,"comment_status":"closed","ping_status":"closed","template":"","meta":{"footnotes":""},"class_list":["post-206","page","type-page","status-publish","hentry"],"_links":{"self":[{"href":"https:\/\/maywas.com\/index.php\/wp-json\/wp\/v2\/pages\/206","targetHints":{"allow":["GET"]}}],"collection":[{"href":"https:\/\/maywas.com\/index.php\/wp-json\/wp\/v2\/pages"}],"about":[{"href":"https:\/\/maywas.com\/index.php\/wp-json\/wp\/v2\/types\/page"}],"author":[{"embeddable":true,"href":"https:\/\/maywas.com\/index.php\/wp-json\/wp\/v2\/users\/1"}],"replies":[{"embeddable":true,"href":"https:\/\/maywas.com\/index.php\/wp-json\/wp\/v2\/comments?post=206"}],"version-history":[{"count":3,"href":"https:\/\/maywas.com\/index.php\/wp-json\/wp\/v2\/pages\/206\/revisions"}],"predecessor-version":[{"id":272,"href":"https:\/\/maywas.com\/index.php\/wp-json\/wp\/v2\/pages\/206\/revisions\/272"}],"wp:attachment":[{"href":"https:\/\/maywas.com\/index.php\/wp-json\/wp\/v2\/media?parent=206"}],"curies":[{"name":"wp","href":"https:\/\/api.w.org\/{rel}","templated":true}]}}