{"id":215,"date":"2025-02-18T15:28:57","date_gmt":"2025-02-18T14:28:57","guid":{"rendered":"https:\/\/maywas.com\/?page_id=215"},"modified":"2025-03-27T16:53:15","modified_gmt":"2025-03-27T15:53:15","slug":"morning_light","status":"publish","type":"page","link":"https:\/\/maywas.com\/index.php\/morning_light\/","title":{"rendered":"MORNING LIGHT"},"content":{"rendered":"\n<p><\/p>\n\n\n\n<figure class=\"wp-block-gallery has-nested-images columns-default is-cropped wp-block-gallery-1 is-layout-flex wp-block-gallery-is-layout-flex\">\n<figure class=\"wp-block-image size-large\"><a href=\"https:\/\/maywas.com\/wp-content\/uploads\/2025\/02\/Morning_Light_04-scaled.jpg\"><img loading=\"lazy\" decoding=\"async\" width=\"1024\" height=\"573\" data-id=\"219\" src=\"https:\/\/maywas.com\/wp-content\/uploads\/2025\/02\/Morning_Light_04-1024x573.jpg\" alt=\"\" class=\"wp-image-219\" srcset=\"https:\/\/maywas.com\/wp-content\/uploads\/2025\/02\/Morning_Light_04-1024x573.jpg 1024w, https:\/\/maywas.com\/wp-content\/uploads\/2025\/02\/Morning_Light_04-300x168.jpg 300w, https:\/\/maywas.com\/wp-content\/uploads\/2025\/02\/Morning_Light_04-768x430.jpg 768w, https:\/\/maywas.com\/wp-content\/uploads\/2025\/02\/Morning_Light_04-1536x860.jpg 1536w, https:\/\/maywas.com\/wp-content\/uploads\/2025\/02\/Morning_Light_04-2048x1147.jpg 2048w\" sizes=\"auto, (max-width: 1024px) 100vw, 1024px\" \/><\/a><\/figure>\n\n\n\n<figure class=\"wp-block-image size-large\"><a href=\"https:\/\/maywas.com\/wp-content\/uploads\/2025\/02\/Morning_Light_02-scaled.jpg\"><img loading=\"lazy\" decoding=\"async\" width=\"1024\" height=\"586\" data-id=\"217\" src=\"https:\/\/maywas.com\/wp-content\/uploads\/2025\/02\/Morning_Light_02-1024x586.jpg\" alt=\"\" class=\"wp-image-217\" srcset=\"https:\/\/maywas.com\/wp-content\/uploads\/2025\/02\/Morning_Light_02-1024x586.jpg 1024w, https:\/\/maywas.com\/wp-content\/uploads\/2025\/02\/Morning_Light_02-300x172.jpg 300w, https:\/\/maywas.com\/wp-content\/uploads\/2025\/02\/Morning_Light_02-768x439.jpg 768w, https:\/\/maywas.com\/wp-content\/uploads\/2025\/02\/Morning_Light_02-1536x879.jpg 1536w, https:\/\/maywas.com\/wp-content\/uploads\/2025\/02\/Morning_Light_02-2048x1172.jpg 2048w\" sizes=\"auto, (max-width: 1024px) 100vw, 1024px\" \/><\/a><\/figure>\n\n\n\n<figure class=\"wp-block-image size-large\"><a href=\"https:\/\/maywas.com\/wp-content\/uploads\/2025\/02\/Morning_Light_01-scaled.jpg\"><img loading=\"lazy\" decoding=\"async\" width=\"1024\" height=\"574\" data-id=\"216\" src=\"https:\/\/maywas.com\/wp-content\/uploads\/2025\/02\/Morning_Light_01-1024x574.jpg\" alt=\"\" class=\"wp-image-216\" srcset=\"https:\/\/maywas.com\/wp-content\/uploads\/2025\/02\/Morning_Light_01-1024x574.jpg 1024w, https:\/\/maywas.com\/wp-content\/uploads\/2025\/02\/Morning_Light_01-300x168.jpg 300w, https:\/\/maywas.com\/wp-content\/uploads\/2025\/02\/Morning_Light_01-768x431.jpg 768w, https:\/\/maywas.com\/wp-content\/uploads\/2025\/02\/Morning_Light_01-1536x861.jpg 1536w, https:\/\/maywas.com\/wp-content\/uploads\/2025\/02\/Morning_Light_01-2048x1148.jpg 2048w\" sizes=\"auto, (max-width: 1024px) 100vw, 1024px\" \/><\/a><\/figure>\n\n\n\n<figure class=\"wp-block-image size-large\"><a href=\"https:\/\/maywas.com\/wp-content\/uploads\/2025\/02\/Morning_Light_03-scaled.jpg\"><img loading=\"lazy\" decoding=\"async\" width=\"1024\" height=\"575\" data-id=\"218\" src=\"https:\/\/maywas.com\/wp-content\/uploads\/2025\/02\/Morning_Light_03-1024x575.jpg\" alt=\"\" class=\"wp-image-218\" srcset=\"https:\/\/maywas.com\/wp-content\/uploads\/2025\/02\/Morning_Light_03-1024x575.jpg 1024w, https:\/\/maywas.com\/wp-content\/uploads\/2025\/02\/Morning_Light_03-300x168.jpg 300w, https:\/\/maywas.com\/wp-content\/uploads\/2025\/02\/Morning_Light_03-768x431.jpg 768w, https:\/\/maywas.com\/wp-content\/uploads\/2025\/02\/Morning_Light_03-1536x862.jpg 1536w, https:\/\/maywas.com\/wp-content\/uploads\/2025\/02\/Morning_Light_03-2048x1150.jpg 2048w\" sizes=\"auto, (max-width: 1024px) 100vw, 1024px\" \/><\/a><\/figure>\n<\/figure>\n\n\n\n<p>Tr\u00e8s fiers d&rsquo;avoir r\u00e9alis\u00e9 le film du concours pour un immeuble de logement \u00e0 Paris dans le 15e arrondissement, dessin\u00e9 par Phil\u00e9as Architectes. Projet Laur\u00e9at !<\/p>\n\n\n\n<p>Notre parti-pris narratif a \u00e9t\u00e9 d&rsquo;adopter le point de vue des futurs habitant de cet immeuble et de partager des petits moments de vie le temps d&rsquo;une matin\u00e9e, qui permet \u00e0 cette lumi\u00e8re de d\u00e9but de journ\u00e9e de r\u00e9v\u00e9ler petit \u00e0 petit le b\u00e2timent et ses intentions architecturales.<\/p>\n\n\n\n<figure class=\"wp-block-embed is-type-video is-provider-youtube wp-block-embed-youtube wp-embed-aspect-16-9 wp-has-aspect-ratio\"><div class=\"wp-block-embed__wrapper\">\n<iframe loading=\"lazy\" title=\"Morning Light\" width=\"500\" height=\"281\" src=\"https:\/\/www.youtube.com\/embed\/B9FBCyGlz0w?feature=oembed\" frameborder=\"0\" allow=\"accelerometer; autoplay; clipboard-write; encrypted-media; gyroscope; picture-in-picture; web-share\" referrerpolicy=\"strict-origin-when-cross-origin\" allowfullscreen><\/iframe>\n<\/div><\/figure>\n","protected":false},"excerpt":{"rendered":"<p>Tr\u00e8s fiers d&rsquo;avoir r\u00e9alis\u00e9 le film du concours pour un immeuble de logement \u00e0 Paris dans le 15e arrondissement, dessin\u00e9 par Phil\u00e9as Architectes. Projet Laur\u00e9at ! Notre parti-pris narratif a \u00e9t\u00e9 d&rsquo;adopter le point de vue des futurs habitant de cet immeuble et de partager des petits moments de vie le temps d&rsquo;une matin\u00e9e, qui [&hellip;]<\/p>\n","protected":false},"author":1,"featured_media":0,"parent":0,"menu_order":0,"comment_status":"closed","ping_status":"closed","template":"","meta":{"footnotes":""},"class_list":["post-215","page","type-page","status-publish","hentry"],"_links":{"self":[{"href":"https:\/\/maywas.com\/index.php\/wp-json\/wp\/v2\/pages\/215","targetHints":{"allow":["GET"]}}],"collection":[{"href":"https:\/\/maywas.com\/index.php\/wp-json\/wp\/v2\/pages"}],"about":[{"href":"https:\/\/maywas.com\/index.php\/wp-json\/wp\/v2\/types\/page"}],"author":[{"embeddable":true,"href":"https:\/\/maywas.com\/index.php\/wp-json\/wp\/v2\/users\/1"}],"replies":[{"embeddable":true,"href":"https:\/\/maywas.com\/index.php\/wp-json\/wp\/v2\/comments?post=215"}],"version-history":[{"count":6,"href":"https:\/\/maywas.com\/index.php\/wp-json\/wp\/v2\/pages\/215\/revisions"}],"predecessor-version":[{"id":238,"href":"https:\/\/maywas.com\/index.php\/wp-json\/wp\/v2\/pages\/215\/revisions\/238"}],"wp:attachment":[{"href":"https:\/\/maywas.com\/index.php\/wp-json\/wp\/v2\/media?parent=215"}],"curies":[{"name":"wp","href":"https:\/\/api.w.org\/{rel}","templated":true}]}}