{"id":245,"date":"2025-06-10T15:29:07","date_gmt":"2025-06-10T13:29:07","guid":{"rendered":"https:\/\/maywas.com\/?page_id=245"},"modified":"2025-06-10T15:38:56","modified_gmt":"2025-06-10T13:38:56","slug":"sanctuary","status":"publish","type":"page","link":"https:\/\/maywas.com\/index.php\/sanctuary\/","title":{"rendered":"SANCTUARY"},"content":{"rendered":"\n<figure class=\"wp-block-gallery has-nested-images columns-default is-cropped wp-block-gallery-1 is-layout-flex wp-block-gallery-is-layout-flex\">\n<figure class=\"wp-block-image size-large\"><a href=\"https:\/\/maywas.com\/wp-content\/uploads\/2024\/09\/2025-06-03_Sanctuary_Sunset_01-scaled.png\"><img loading=\"lazy\" decoding=\"async\" width=\"1024\" height=\"601\" data-id=\"240\" src=\"https:\/\/maywas.com\/wp-content\/uploads\/2024\/09\/2025-06-03_Sanctuary_Sunset_01-1024x601.png\" alt=\"\" class=\"wp-image-240\" srcset=\"https:\/\/maywas.com\/wp-content\/uploads\/2024\/09\/2025-06-03_Sanctuary_Sunset_01-1024x601.png 1024w, https:\/\/maywas.com\/wp-content\/uploads\/2024\/09\/2025-06-03_Sanctuary_Sunset_01-300x176.png 300w, https:\/\/maywas.com\/wp-content\/uploads\/2024\/09\/2025-06-03_Sanctuary_Sunset_01-768x451.png 768w, https:\/\/maywas.com\/wp-content\/uploads\/2024\/09\/2025-06-03_Sanctuary_Sunset_01-1536x902.png 1536w, https:\/\/maywas.com\/wp-content\/uploads\/2024\/09\/2025-06-03_Sanctuary_Sunset_01-2048x1203.png 2048w\" sizes=\"auto, (max-width: 1024px) 100vw, 1024px\" \/><\/a><\/figure>\n\n\n\n<figure class=\"wp-block-image size-large\"><a href=\"https:\/\/maywas.com\/wp-content\/uploads\/2025\/06\/2025-06-03_Sanctuary_Elevator_01-scaled.png\"><img loading=\"lazy\" decoding=\"async\" width=\"2560\" height=\"1354\" data-id=\"251\" src=\"https:\/\/maywas.com\/wp-content\/uploads\/2025\/06\/2025-06-03_Sanctuary_Elevator_01-scaled.png\" alt=\"\" class=\"wp-image-251\" srcset=\"https:\/\/maywas.com\/wp-content\/uploads\/2025\/06\/2025-06-03_Sanctuary_Elevator_01-scaled.png 2560w, https:\/\/maywas.com\/wp-content\/uploads\/2025\/06\/2025-06-03_Sanctuary_Elevator_01-300x159.png 300w\" sizes=\"auto, (max-width: 2560px) 100vw, 2560px\" \/><\/a><\/figure>\n\n\n\n<figure class=\"wp-block-image size-large\"><a href=\"https:\/\/maywas.com\/wp-content\/uploads\/2025\/06\/2025-06-03_Sanctuary_Jungle_Sunset_01.png\"><img decoding=\"async\" data-id=\"247\" src=\"https:\/\/maywas.com\/wp-content\/uploads\/2025\/06\/2025-06-03_Sanctuary_Jungle_Sunset_01.png\" alt=\"\" class=\"wp-image-247\"\/><\/a><\/figure>\n\n\n\n<figure class=\"wp-block-image size-large\"><a href=\"https:\/\/maywas.com\/wp-content\/uploads\/2025\/06\/2025-06-03_Sanctuary_Mid_Structure_01-scaled.png\"><img loading=\"lazy\" decoding=\"async\" width=\"1024\" height=\"532\" data-id=\"250\" src=\"https:\/\/maywas.com\/wp-content\/uploads\/2025\/06\/2025-06-03_Sanctuary_Mid_Structure_01-1024x532.png\" alt=\"\" class=\"wp-image-250\" srcset=\"https:\/\/maywas.com\/wp-content\/uploads\/2025\/06\/2025-06-03_Sanctuary_Mid_Structure_01-1024x532.png 1024w, https:\/\/maywas.com\/wp-content\/uploads\/2025\/06\/2025-06-03_Sanctuary_Mid_Structure_01-300x156.png 300w, https:\/\/maywas.com\/wp-content\/uploads\/2025\/06\/2025-06-03_Sanctuary_Mid_Structure_01-768x399.png 768w, https:\/\/maywas.com\/wp-content\/uploads\/2025\/06\/2025-06-03_Sanctuary_Mid_Structure_01-1536x798.png 1536w, https:\/\/maywas.com\/wp-content\/uploads\/2025\/06\/2025-06-03_Sanctuary_Mid_Structure_01-2048x1064.png 2048w\" sizes=\"auto, (max-width: 1024px) 100vw, 1024px\" \/><\/a><\/figure>\n\n\n\n<figure class=\"wp-block-image size-large\"><a href=\"https:\/\/maywas.com\/wp-content\/uploads\/2025\/06\/2025-06-03_Sanctuary_Main_Platform_01-scaled.png\"><img loading=\"lazy\" decoding=\"async\" width=\"1024\" height=\"542\" data-id=\"253\" src=\"https:\/\/maywas.com\/wp-content\/uploads\/2025\/06\/2025-06-03_Sanctuary_Main_Platform_01-1024x542.png\" alt=\"\" class=\"wp-image-253\" srcset=\"https:\/\/maywas.com\/wp-content\/uploads\/2025\/06\/2025-06-03_Sanctuary_Main_Platform_01-1024x542.png 1024w, https:\/\/maywas.com\/wp-content\/uploads\/2025\/06\/2025-06-03_Sanctuary_Main_Platform_01-300x159.png 300w, https:\/\/maywas.com\/wp-content\/uploads\/2025\/06\/2025-06-03_Sanctuary_Main_Platform_01-768x406.png 768w, https:\/\/maywas.com\/wp-content\/uploads\/2025\/06\/2025-06-03_Sanctuary_Main_Platform_01-1536x812.png 1536w, https:\/\/maywas.com\/wp-content\/uploads\/2025\/06\/2025-06-03_Sanctuary_Main_Platform_01-2048x1083.png 2048w\" sizes=\"auto, (max-width: 1024px) 100vw, 1024px\" \/><\/a><\/figure>\n\n\n\n<figure class=\"wp-block-image size-large\"><a href=\"https:\/\/maywas.com\/wp-content\/uploads\/2025\/06\/2025-06-03_Sanctuary_Labo_01-scaled.png\"><img loading=\"lazy\" decoding=\"async\" width=\"1024\" height=\"542\" data-id=\"246\" src=\"https:\/\/maywas.com\/wp-content\/uploads\/2025\/06\/2025-06-03_Sanctuary_Labo_01-1024x542.png\" alt=\"\" class=\"wp-image-246\" srcset=\"https:\/\/maywas.com\/wp-content\/uploads\/2025\/06\/2025-06-03_Sanctuary_Labo_01-1024x542.png 1024w, https:\/\/maywas.com\/wp-content\/uploads\/2025\/06\/2025-06-03_Sanctuary_Labo_01-300x159.png 300w, https:\/\/maywas.com\/wp-content\/uploads\/2025\/06\/2025-06-03_Sanctuary_Labo_01-768x406.png 768w, https:\/\/maywas.com\/wp-content\/uploads\/2025\/06\/2025-06-03_Sanctuary_Labo_01-1536x812.png 1536w, https:\/\/maywas.com\/wp-content\/uploads\/2025\/06\/2025-06-03_Sanctuary_Labo_01-2048x1083.png 2048w\" sizes=\"auto, (max-width: 1024px) 100vw, 1024px\" \/><\/a><\/figure>\n\n\n\n<figure class=\"wp-block-image size-large\"><a href=\"https:\/\/maywas.com\/wp-content\/uploads\/2025\/06\/2025-06-03_Sanctuary_Jungle_Up_01-scaled.png\"><img loading=\"lazy\" decoding=\"async\" width=\"1024\" height=\"532\" data-id=\"249\" src=\"https:\/\/maywas.com\/wp-content\/uploads\/2025\/06\/2025-06-03_Sanctuary_Jungle_Up_01-1024x532.png\" alt=\"\" class=\"wp-image-249\" srcset=\"https:\/\/maywas.com\/wp-content\/uploads\/2025\/06\/2025-06-03_Sanctuary_Jungle_Up_01-1024x532.png 1024w, https:\/\/maywas.com\/wp-content\/uploads\/2025\/06\/2025-06-03_Sanctuary_Jungle_Up_01-300x156.png 300w, https:\/\/maywas.com\/wp-content\/uploads\/2025\/06\/2025-06-03_Sanctuary_Jungle_Up_01-768x399.png 768w\" sizes=\"auto, (max-width: 1024px) 100vw, 1024px\" \/><\/a><\/figure>\n<\/figure>\n\n\n\n<figure class=\"wp-block-embed is-type-video is-provider-youtube wp-block-embed-youtube wp-embed-aspect-16-9 wp-has-aspect-ratio\"><div class=\"wp-block-embed__wrapper\">\n<iframe loading=\"lazy\" title=\"Sanctuary Trailer 01\" width=\"500\" height=\"281\" src=\"https:\/\/www.youtube.com\/embed\/U92E-cJBZTs?feature=oembed\" frameborder=\"0\" allow=\"accelerometer; autoplay; clipboard-write; encrypted-media; gyroscope; picture-in-picture; web-share\" referrerpolicy=\"strict-origin-when-cross-origin\" allowfullscreen><\/iframe>\n<\/div><\/figure>\n\n\n\n<div class=\"wp-block-columns is-layout-flex wp-container-core-columns-is-layout-28f84493 wp-block-columns-is-layout-flex\">\n<div class=\"wp-block-column is-layout-flow wp-block-column-is-layout-flow\">\n<p>MayWas est fier de vous pr\u00e9senter une visite immersive en r\u00e9alit\u00e9 virtuelle qui a pour objectif de vous plonger dans une exp\u00e9rience spatiale et narrative.<\/p>\n\n\n\n<p>La VR permet d&rsquo;exp\u00e9rimenter un rapport \u00e0 l&rsquo;\u00e9chelle particuli\u00e8rement r\u00e9aliste qui confronte le spectateur \u00e0 la monumentalit\u00e9 du projet et donne l&rsquo;occasion de r\u00e9ellement vivre l&rsquo;espace qui sera construit en se d\u00e9pla\u00e7ant \u00e0 l&rsquo;int\u00e9rieur.<\/p>\n\n\n\n<p>Nous avons fait le parti-pris d&rsquo;un storytelling fort avec un sc\u00e9nario d&rsquo;anticipation (qui fait \u00e9cho aux probl\u00e9matiques \u00e9cologiques contemporaines) afin de montrer que l&rsquo;aspect narratif fait parti de l&rsquo;ADN de MayWas. Nous pensons en effet qu&rsquo;une d\u00e9marche narrative forte permet au spectateur de mieux s&rsquo;immerger dans le projet pour comprendre plus finement ce dernier.<\/p>\n\n\n\n<p><\/p>\n<\/div>\n\n\n\n<div class=\"wp-block-column is-layout-flow wp-block-column-is-layout-flow\">\n<p>Des interactions avec l&rsquo;environnement de diff\u00e9rents types (d\u00e9clencher des \u00e9v\u00e9nements, ouvrir des portes, manipuler des objets, &#8230;) ont \u00e9t\u00e9 cr\u00e9\u00e9es afin d&rsquo;enrichir l&rsquo;exp\u00e9rience et de rendre celle-ci encore plus r\u00e9aliste et immersive. Et des \u00e9l\u00e9ments didactiques ponctuent le parcours de spectateur afin de l&rsquo;accompagner et le guider dans sa visite du projet. C&rsquo;est une d\u00e9marche de \u00ab\u00a0gamification\u00a0\u00bb de la repr\u00e9sentation architecturale qui a pour but de la rendre plus immersive et didactique en impliquant le visiteur.<\/p>\n\n\n\n<p><br><strong>Envie de tester cette exp\u00e9rience VR\u00a0? Contactez nous\u00a0!<\/strong><\/p>\n<\/div>\n<\/div>\n","protected":false},"excerpt":{"rendered":"<p>MayWas est fier de vous pr\u00e9senter une visite immersive en r\u00e9alit\u00e9 virtuelle qui a pour objectif de vous plonger dans une exp\u00e9rience spatiale et narrative. La VR permet d&rsquo;exp\u00e9rimenter un rapport \u00e0 l&rsquo;\u00e9chelle particuli\u00e8rement r\u00e9aliste qui confronte le spectateur \u00e0 la monumentalit\u00e9 du projet et donne l&rsquo;occasion de r\u00e9ellement vivre l&rsquo;espace qui sera construit en [&hellip;]<\/p>\n","protected":false},"author":1,"featured_media":0,"parent":0,"menu_order":0,"comment_status":"closed","ping_status":"closed","template":"","meta":{"footnotes":""},"class_list":["post-245","page","type-page","status-publish","hentry"],"_links":{"self":[{"href":"https:\/\/maywas.com\/index.php\/wp-json\/wp\/v2\/pages\/245","targetHints":{"allow":["GET"]}}],"collection":[{"href":"https:\/\/maywas.com\/index.php\/wp-json\/wp\/v2\/pages"}],"about":[{"href":"https:\/\/maywas.com\/index.php\/wp-json\/wp\/v2\/types\/page"}],"author":[{"embeddable":true,"href":"https:\/\/maywas.com\/index.php\/wp-json\/wp\/v2\/users\/1"}],"replies":[{"embeddable":true,"href":"https:\/\/maywas.com\/index.php\/wp-json\/wp\/v2\/comments?post=245"}],"version-history":[{"count":7,"href":"https:\/\/maywas.com\/index.php\/wp-json\/wp\/v2\/pages\/245\/revisions"}],"predecessor-version":[{"id":259,"href":"https:\/\/maywas.com\/index.php\/wp-json\/wp\/v2\/pages\/245\/revisions\/259"}],"wp:attachment":[{"href":"https:\/\/maywas.com\/index.php\/wp-json\/wp\/v2\/media?parent=245"}],"curies":[{"name":"wp","href":"https:\/\/api.w.org\/{rel}","templated":true}]}}